{"id":238,"date":"2023-04-26T16:05:22","date_gmt":"2023-04-26T16:05:22","guid":{"rendered":"http:\/\/angocap.slz.pt\/?page_id=238"},"modified":"2024-07-03T12:43:39","modified_gmt":"2024-07-03T12:43:39","slug":"sobre-nos-angocap","status":"publish","type":"page","link":"https:\/\/angocap.com\/fr\/sobre-nos-angocap\/","title":{"rendered":"\u00c0 PROPOS DE NOUS"},"content":{"rendered":"<div data-elementor-type=\"wp-page\" data-elementor-id=\"238\" class=\"elementor elementor-238\" data-elementor-post-type=\"page\">\n\t\t\t\t\t\t<section class=\"elementor-section elementor-top-section elementor-element elementor-element-a3cff6e elementor-section-height-min-height elementor-section-full_width elementor-section-items-top elementor-section-height-default\" data-id=\"a3cff6e\" data-element_type=\"section\" data-settings=\"{&quot;_ha_eqh_enable&quot;:false}\">\n\t\t\t\t\t\t<div class=\"elementor-container elementor-column-gap-default\">\n\t\t\t\t\t<div class=\"elementor-column elementor-col-50 elementor-top-column elementor-element elementor-element-e3a1d32\" data-id=\"e3a1d32\" data-element_type=\"column\">\n\t\t\t<div class=\"elementor-widget-wrap elementor-element-populated\">\n\t\t\t\t\t\t<div class=\"elementor-element elementor-element-f6391c8 elementor-widget-tablet__width-initial elementor-widget elementor-widget-image\" data-id=\"f6391c8\" data-element_type=\"widget\" data-widget_type=\"image.default\">\n\t\t\t\t<div class=\"elementor-widget-container\">\n\t\t\t\t\t\t\t\t\t\t\t\t\t<img fetchpriority=\"high\" decoding=\"async\" width=\"597\" height=\"990\" src=\"https:\/\/angocap.com\/wp-content\/uploads\/2023\/06\/cs.png\" class=\"attachment-large size-large wp-image-434\" alt=\"\" srcset=\"https:\/\/angocap.com\/wp-content\/uploads\/2023\/06\/cs.png 597w, https:\/\/angocap.com\/wp-content\/uploads\/2023\/06\/cs-181x300.png 181w\" sizes=\"(max-width: 597px) 100vw, 597px\" \/>\t\t\t\t\t\t\t\t\t\t\t\t\t<\/div>\n\t\t\t\t<\/div>\n\t\t\t\t\t<\/div>\n\t\t<\/div>\n\t\t\t\t<div class=\"elementor-column elementor-col-50 elementor-top-column elementor-element elementor-element-72cd66c\" data-id=\"72cd66c\" data-element_type=\"column\">\n\t\t\t<div class=\"elementor-widget-wrap elementor-element-populated\">\n\t\t\t\t\t\t<div class=\"elementor-element elementor-element-cee2e89 elementor-widget elementor-widget-text-editor\" data-id=\"cee2e89\" data-element_type=\"widget\" data-widget_type=\"text-editor.default\">\n\t\t\t\t<div class=\"elementor-widget-container\">\n\t\t\t\t\t\t\t<p>QUI SOMMES-NOUS ?<\/p>\t\t\t\t\t\t<\/div>\n\t\t\t\t<\/div>\n\t\t\t\t<div class=\"elementor-element elementor-element-442e21f elementor-widget elementor-widget-heading\" data-id=\"442e21f\" data-element_type=\"widget\" data-widget_type=\"heading.default\">\n\t\t\t\t<div class=\"elementor-widget-container\">\n\t\t\t<h2 class=\"elementor-heading-title elementor-size-default\"> leader en mati\u00e8re de solutions d'emballage<\/h2>\t\t<\/div>\n\t\t\t\t<\/div>\n\t\t\t\t<div class=\"elementor-element elementor-element-6e86adc elementor-widget elementor-widget-text-editor\" data-id=\"6e86adc\" data-element_type=\"widget\" data-widget_type=\"text-editor.default\">\n\t\t\t\t<div class=\"elementor-widget-container\">\n\t\t\t\t\t\t\t<p class=\"CDt4Ke zfr3Q\" dir=\"ltr\">Angocap, l'un des principaux fabricants angolais, d\u00e9finit les normes de l'industrie en mati\u00e8re de production de capsules et de f\u00fbts m\u00e9talliques de haute qualit\u00e9. \u00c9tablie en 2010, notre combinaison unique d'innovation et de qualit\u00e9 a conduit \u00e0 une forte expansion au-del\u00e0 de l'Angola, exportant fi\u00e8rement vers la R\u00e9publique du Congo, la Namibie et le Mozambique.<\/p>\t\t\t\t\t\t<\/div>\n\t\t\t\t<\/div>\n\t\t\t\t<div class=\"elementor-element elementor-element-31e346e elementor-widget elementor-widget-heading\" data-id=\"31e346e\" data-element_type=\"widget\" data-widget_type=\"heading.default\">\n\t\t\t\t<div class=\"elementor-widget-container\">\n\t\t\t<h2 class=\"elementor-heading-title elementor-size-default\">L'innovation au c\u0153ur de nos pr\u00e9occupations<\/h2>\t\t<\/div>\n\t\t\t\t<\/div>\n\t\t\t\t<div class=\"elementor-element elementor-element-f088d86 elementor-widget elementor-widget-text-editor\" data-id=\"f088d86\" data-element_type=\"widget\" data-widget_type=\"text-editor.default\">\n\t\t\t\t<div class=\"elementor-widget-container\">\n\t\t\t\t\t\t\t<p class=\"v1v1MsoNormal\">L'innovation est la force motrice de nos activit\u00e9s. Nos capsules et nos f\u00fbts m\u00e9talliques sont produits \u00e0 l'aide de technologies avanc\u00e9es et de lignes de production de pointe. Cet engagement en faveur de l'innovation nous a propuls\u00e9s au premier rang de l'industrie et garantit que nos produits r\u00e9pondent \u00e0 une vari\u00e9t\u00e9 d'utilisations dans les industries des boissons gazeuses et non gazeuses.<\/p><p class=\"v1v1MsoNormal\">\u00a0<\/p>\t\t\t\t\t\t<\/div>\n\t\t\t\t<\/div>\n\t\t\t\t\t<\/div>\n\t\t<\/div>\n\t\t\t\t\t<\/div>\n\t\t<\/section>\n\t\t\t\t<\/div>","protected":false},"excerpt":{"rendered":"<p>\u00c0 PROPOS DE NOUS Angocap, un fabricant angolais de premier plan, d\u00e9finit les normes de l'industrie dans la production de capsules et de f\u00fbts m\u00e9talliques de haute qualit\u00e9. \u00c9tablie en 2010, notre combinaison unique d'innovation et de qualit\u00e9 a conduit \u00e0 une forte expansion au-del\u00e0 de l'Angola, exportant fi\u00e8rement vers la R\u00e9publique du Congo, la Namibie et le Mozambique. Innovation [...]<\/p>","protected":false},"author":1,"featured_media":0,"parent":0,"menu_order":0,"comment_status":"closed","ping_status":"closed","template":"","meta":{"footnotes":""},"class_list":["post-238","page","type-page","status-publish","hentry"],"_links":{"self":[{"href":"https:\/\/angocap.com\/fr\/wp-json\/wp\/v2\/pages\/238","targetHints":{"allow":["GET"]}}],"collection":[{"href":"https:\/\/angocap.com\/fr\/wp-json\/wp\/v2\/pages"}],"about":[{"href":"https:\/\/angocap.com\/fr\/wp-json\/wp\/v2\/types\/page"}],"author":[{"embeddable":true,"href":"https:\/\/angocap.com\/fr\/wp-json\/wp\/v2\/users\/1"}],"replies":[{"embeddable":true,"href":"https:\/\/angocap.com\/fr\/wp-json\/wp\/v2\/comments?post=238"}],"version-history":[{"count":40,"href":"https:\/\/angocap.com\/fr\/wp-json\/wp\/v2\/pages\/238\/revisions"}],"predecessor-version":[{"id":707,"href":"https:\/\/angocap.com\/fr\/wp-json\/wp\/v2\/pages\/238\/revisions\/707"}],"wp:attachment":[{"href":"https:\/\/angocap.com\/fr\/wp-json\/wp\/v2\/media?parent=238"}],"curies":[{"name":"wp","href":"https:\/\/api.w.org\/{rel}","templated":true}]}}