{"id":604,"date":"2024-03-01T11:53:32","date_gmt":"2024-03-01T11:53:32","guid":{"rendered":"http:\/\/angocap.slz.pt\/?page_id=604"},"modified":"2024-03-01T11:56:41","modified_gmt":"2024-03-01T11:56:41","slug":"politica-de-cookies","status":"publish","type":"page","link":"https:\/\/angocap.com\/fr\/politica-de-cookies\/","title":{"rendered":"Politique en mati\u00e8re de cookies"},"content":{"rendered":"<div data-elementor-type=\"wp-page\" data-elementor-id=\"604\" class=\"elementor elementor-604\" data-elementor-post-type=\"page\">\n\t\t\t\t\t\t<section class=\"elementor-section elementor-top-section elementor-element elementor-element-ebeb583 elementor-section-boxed elementor-section-height-default elementor-section-height-default\" data-id=\"ebeb583\" data-element_type=\"section\" data-settings=\"{&quot;_ha_eqh_enable&quot;:false}\">\n\t\t\t\t\t\t<div class=\"elementor-container elementor-column-gap-default\">\n\t\t\t\t\t<div class=\"elementor-column elementor-col-100 elementor-top-column elementor-element elementor-element-2c36079\" data-id=\"2c36079\" data-element_type=\"column\">\n\t\t\t<div class=\"elementor-widget-wrap elementor-element-populated\">\n\t\t\t\t\t\t<div class=\"elementor-element elementor-element-0423648 elementor-widget elementor-widget-heading\" data-id=\"0423648\" data-element_type=\"widget\" data-widget_type=\"heading.default\">\n\t\t\t\t<div class=\"elementor-widget-container\">\n\t\t\t<h2 class=\"elementor-heading-title elementor-size-default\">Politique en mati\u00e8re de cookies<\/h2>\t\t<\/div>\n\t\t\t\t<\/div>\n\t\t\t\t<div class=\"elementor-element elementor-element-8976825 elementor-widget elementor-widget-text-editor\" data-id=\"8976825\" data-element_type=\"widget\" data-widget_type=\"text-editor.default\">\n\t\t\t\t<div class=\"elementor-widget-container\">\n\t\t\t\t\t\t\t<p><!-- wp:heading --><\/p><h6>D\u00e9finition des cookies<\/h6><p>Les cookies sont des fichiers de donn\u00e9es envoy\u00e9s par un site web que vous visitez \u00e0 l'ordinateur sur lequel vous le faites. Ce groupe de donn\u00e9es comprend des informations qui permettent de m\u00e9moriser des donn\u00e9es importantes, ce qui rendra votre navigation plus efficace et efficiente. Le site web de Socialised utilise des cookies \u00e0 diverses fins, notamment pour obtenir des donn\u00e9es non personnelles de ses utilisateurs.<\/p><h6>Utilisation des cookies<\/h6><p>Afin de simplifier au maximum vos visites sur notre site web, nous enregistrons automatiquement votre type de navigateur - en tant qu'utilisateur, vous pouvez utiliser diff\u00e9rents types de navigateur pour naviguer, tels qu'Internet Explorer, Google Chrome, etc. - et le syst\u00e8me d'exploitation - par exemple Windows ou Macintosh, etc. - utilis\u00e9, ainsi que le nom du<br \/>de votre fournisseur d'acc\u00e8s \u00e0 Internet.<\/p><h6>Objectif des cookies<\/h6><p>Les cookies sont utilis\u00e9s pour aider \u00e0 d\u00e9terminer l'utilit\u00e9, l'int\u00e9r\u00eat et le nombre d'utilisations de ses sites web, permettant une navigation plus rapide et plus efficace en \u00e9liminant la n\u00e9cessit\u00e9 de saisir plusieurs fois les m\u00eames informations.<\/p><h6>Types de cookies utilis\u00e9s<\/h6><p><strong>- Cookies permanents :<\/strong>\u00a0les cookies qui sont stock\u00e9s dans le navigateur sur vos dispositifs d'acc\u00e8s - ordinateur, t\u00e9l\u00e9phone mobile ou tablette - et qui sont utilis\u00e9s.<br \/>chaque fois que vous visitez notre site web. Ils sont normalement utilis\u00e9s pour orienter votre navigation en fonction de vos int\u00e9r\u00eats, ce qui nous permet de vous fournir le meilleur service possible.<br \/>un service plus personnalis\u00e9.<\/p><p><strong>- Cookies de session :<\/strong>\u00a0des cookies temporaires qui restent dans le fichier de cookies de votre navigateur jusqu'\u00e0 ce que vous quittiez le site web. Les informations obtenues sont utilis\u00e9es pour analyser les mod\u00e8les de<br \/>le trafic web, ce qui nous permet d'identifier tout probl\u00e8me \u00e9ventuel afin d'offrir une meilleure exp\u00e9rience de navigation.<\/p><h6>Objectif de l'utilisation des cookies<\/h6><p><strong>- Cookies strictement n\u00e9cessaires :<\/strong>\u00a0vous permettent de naviguer sur notre site web et d'utiliser ses applications, ainsi que d'acc\u00e9der \u00e0 ses zones s\u00e9curis\u00e9es. Sans ces cookies,<br \/>les services auxquels vous souhaitez acc\u00e9der ne peuvent pas \u00eatre fournis.<\/p><p><strong>- Cookies analytiques :<\/strong>\u00a0sont utilis\u00e9es de mani\u00e8re anonyme pour des analyses statistiques visant \u00e0 am\u00e9liorer le fonctionnement de notre site web.<\/p><p><strong>- Cookies de fonctionnalit\u00e9 :<\/strong>\u00a0enregistrer vos pr\u00e9f\u00e9rences concernant l'utilisation de notre site web, afin que vous n'ayez pas \u00e0 reconfigurer le site \u00e0 chaque nouvelle visite.<\/p><p><strong>- Cookies de tiers :<\/strong>\u00a0mesurer le succ\u00e8s des applications et l'efficacit\u00e9 de la publicit\u00e9 de tiers. Ils peuvent \u00e9galement \u00eatre utilis\u00e9s pour personnaliser un widget avec vos donn\u00e9es.<\/p><p><strong>- Cookies publicitaires :<\/strong>\u00a0cibler la publicit\u00e9 en fonction de vos int\u00e9r\u00eats, en limitant le nombre de fois que vous voyez la publicit\u00e9, afin de contribuer \u00e0 mesurer l'efficacit\u00e9 de leur publicit\u00e9 et le succ\u00e8s de l'organisation de notre site web.<\/p><h6>Comment g\u00e9rer les cookies<\/h6><p>Tous les navigateurs vous permettent d'accepter, de refuser ou de supprimer les cookies en s\u00e9lectionnant les param\u00e8tres appropri\u00e9s. Vous pouvez \u00e9galement configurer les cookies dans le menu \"Options\" ou \"Pr\u00e9f\u00e9rences\" du navigateur que vous utilisez. Toutefois, en d\u00e9sactivant les cookies, vous risquez d'emp\u00eacher le bon fonctionnement de certains services web et donc d'affecter la navigation sur notre site web.<\/p><p>Pour de plus amples informations sur les cookies et sur la mani\u00e8re d'emp\u00eacher leur installation ou de supprimer les cookies d\u00e9j\u00e0 pr\u00e9sents sur votre disque dur, veuillez consulter la page suivante :<br \/><a href=\"http:\/\/www.allaboutcookies.org.\/\">http:\/\/www.allaboutcookies.org.<\/a><\/p><p>Vous trouverez des informations sur le contr\u00f4le des cookies pour le navigateur que vous utilisez aux adresses suivantes :<\/p><p>- Internet Explorer :\u00a0<a href=\"http:\/\/support.microsoft.com\/kb\/278835\">http:\/\/support.microsoft.com\/kb\/278835<\/a><br \/>- Google Chrome :\u00a0<a href=\"https:\/\/www.google.com\/chrome\/intl\/en-GB\/more\/privacy.html\">https:\/\/www.google.com\/chrome\/intl\/en-GB\/more\/privacy.html<\/a><br \/>- Firefox :\u00a0<a href=\"htto:\/\/support.mozilla.org\/en-US\/kb\/Clear%20Recent%20History\">htto:\/\/support.mozilla.org\/en-US\/kb\/Clear%20Recent%20History<\/a><br \/>- Safari :\u00a0<a href=\"http:\/\/support.apple.com\/kb\/PH5042\">http:\/\/support.apple.com\/kb\/PH5042<\/a><br \/>- Op\u00e9ra :\u00a0<a href=\"http:\/\/www.opera.com\/browser\/tutorials\/security\/privacy\/\">http:\/\/www.opera.com\/browser\/tutorials\/security\/privacy\/<\/a><\/p><p><!-- \/wp:paragraph --><\/p>\t\t\t\t\t\t<\/div>\n\t\t\t\t<\/div>\n\t\t\t\t\t<\/div>\n\t\t<\/div>\n\t\t\t\t\t<\/div>\n\t\t<\/section>\n\t\t\t\t<\/div>","protected":false},"excerpt":{"rendered":"<p>Politique en mati\u00e8re de cookies D\u00e9finition des cookies Les cookies sont des fichiers de donn\u00e9es envoy\u00e9s par un site web que vous visitez \u00e0 l'ordinateur sur lequel vous le faites. Ce groupe de donn\u00e9es comprend des informations qui permettent de m\u00e9moriser des donn\u00e9es importantes, ce qui rendra votre navigation plus efficace et efficiente. Le site Socialised utilise des cookies pour [...]<\/p>","protected":false},"author":1,"featured_media":0,"parent":0,"menu_order":0,"comment_status":"closed","ping_status":"closed","template":"","meta":{"footnotes":""},"class_list":["post-604","page","type-page","status-publish","hentry"],"_links":{"self":[{"href":"https:\/\/angocap.com\/fr\/wp-json\/wp\/v2\/pages\/604","targetHints":{"allow":["GET"]}}],"collection":[{"href":"https:\/\/angocap.com\/fr\/wp-json\/wp\/v2\/pages"}],"about":[{"href":"https:\/\/angocap.com\/fr\/wp-json\/wp\/v2\/types\/page"}],"author":[{"embeddable":true,"href":"https:\/\/angocap.com\/fr\/wp-json\/wp\/v2\/users\/1"}],"replies":[{"embeddable":true,"href":"https:\/\/angocap.com\/fr\/wp-json\/wp\/v2\/comments?post=604"}],"version-history":[{"count":4,"href":"https:\/\/angocap.com\/fr\/wp-json\/wp\/v2\/pages\/604\/revisions"}],"predecessor-version":[{"id":609,"href":"https:\/\/angocap.com\/fr\/wp-json\/wp\/v2\/pages\/604\/revisions\/609"}],"wp:attachment":[{"href":"https:\/\/angocap.com\/fr\/wp-json\/wp\/v2\/media?parent=604"}],"curies":[{"name":"wp","href":"https:\/\/api.w.org\/{rel}","templated":true}]}}